{"id":217,"date":"2021-10-06T14:43:29","date_gmt":"2021-10-06T14:43:29","guid":{"rendered":"https:\/\/novaweb.saufer.com\/?page_id=217"},"modified":"2023-01-02T18:44:01","modified_gmt":"2023-01-02T18:44:01","slug":"blog","status":"publish","type":"page","link":"https:\/\/www.saufer.com\/es\/blog\/","title":{"rendered":"BLOG"},"content":{"rendered":"\t\t<div data-elementor-type=\"wp-page\" data-elementor-id=\"217\" class=\"elementor elementor-217\" data-elementor-post-type=\"page\">\n\t\t\t\t\t\t<section class=\"elementor-section elementor-top-section elementor-element elementor-element-ce011d7 elementor-section-boxed elementor-section-height-default elementor-section-height-default\" data-id=\"ce011d7\" data-element_type=\"section\" data-e-type=\"section\" data-settings=\"{&quot;background_background&quot;:&quot;classic&quot;,&quot;shape_divider_bottom&quot;:&quot;triangle&quot;,&quot;shape_divider_bottom_negative&quot;:&quot;yes&quot;}\">\n\t\t\t\t\t\t\t<div class=\"elementor-background-overlay\"><\/div>\n\t\t\t\t\t\t<div class=\"elementor-shape elementor-shape-bottom\" aria-hidden=\"true\" data-negative=\"true\">\n\t\t\t<svg xmlns=\"http:\/\/www.w3.org\/2000\/svg\" viewBox=\"0 0 1000 100\" preserveAspectRatio=\"none\">\n\t<path class=\"elementor-shape-fill\" d=\"M500.2,94.7L0,0v100h1000V0L500.2,94.7z\"\/>\n<\/svg>\t\t<\/div>\n\t\t\t\t\t<div class=\"elementor-container elementor-column-gap-default\">\n\t\t\t\t\t<div class=\"elementor-column elementor-col-100 elementor-top-column elementor-element elementor-element-226e1a5\" data-id=\"226e1a5\" data-element_type=\"column\" data-e-type=\"column\">\n\t\t\t<div class=\"elementor-widget-wrap\">\n\t\t\t\t\t\t\t<\/div>\n\t\t<\/div>\n\t\t\t\t\t<\/div>\n\t\t<\/section>\n\t\t\t\t<section class=\"elementor-section elementor-top-section elementor-element elementor-element-3974de6 elementor-section-boxed elementor-section-height-default elementor-section-height-default\" data-id=\"3974de6\" data-element_type=\"section\" data-e-type=\"section\">\n\t\t\t\t\t\t<div class=\"elementor-container elementor-column-gap-default\">\n\t\t\t\t\t<div class=\"elementor-column elementor-col-100 elementor-top-column elementor-element elementor-element-8154b45\" data-id=\"8154b45\" data-element_type=\"column\" data-e-type=\"column\">\n\t\t\t<div class=\"elementor-widget-wrap elementor-element-populated\">\n\t\t\t\t\t\t<div class=\"elementor-element elementor-element-f6b86a9 elementor-widget elementor-widget-heading\" data-id=\"f6b86a9\" data-element_type=\"widget\" data-e-type=\"widget\" data-widget_type=\"heading.default\">\n\t\t\t\t<div class=\"elementor-widget-container\">\n\t\t\t\t\t<h2 class=\"elementor-heading-title elementor-size-default\">Blog<\/h2>\t\t\t\t<\/div>\n\t\t\t\t<\/div>\n\t\t\t\t<div class=\"elementor-element elementor-element-28cb74b elementor-widget elementor-widget-text-editor\" data-id=\"28cb74b\" data-element_type=\"widget\" data-e-type=\"widget\" data-widget_type=\"text-editor.default\">\n\t\t\t\t<div class=\"elementor-widget-container\">\n\t\t\t\t\t\t\t\t\t<p>Permanece al d\u00eda de las novedades de Saufer, tu empresa de Instalaciones y Mantenimientos de confianza.<\/p>\t\t\t\t\t\t\t\t<\/div>\n\t\t\t\t<\/div>\n\t\t\t\t<div class=\"elementor-element elementor-element-e993758 elementor-grid-3 elementor-grid-tablet-2 elementor-grid-mobile-1 elementor-posts--thumbnail-top elementor-widget elementor-widget-posts\" data-id=\"e993758\" data-element_type=\"widget\" data-e-type=\"widget\" data-settings=\"{&quot;pagination_type&quot;:&quot;numbers&quot;,&quot;classic_columns&quot;:&quot;3&quot;,&quot;classic_columns_tablet&quot;:&quot;2&quot;,&quot;classic_columns_mobile&quot;:&quot;1&quot;,&quot;classic_row_gap&quot;:{&quot;unit&quot;:&quot;px&quot;,&quot;size&quot;:35,&quot;sizes&quot;:[]},&quot;classic_row_gap_tablet&quot;:{&quot;unit&quot;:&quot;px&quot;,&quot;size&quot;:&quot;&quot;,&quot;sizes&quot;:[]},&quot;classic_row_gap_mobile&quot;:{&quot;unit&quot;:&quot;px&quot;,&quot;size&quot;:&quot;&quot;,&quot;sizes&quot;:[]}}\" data-widget_type=\"posts.classic\">\n\t\t\t\t<div class=\"elementor-widget-container\">\n\t\t\t\t\t\t\t<div class=\"elementor-posts-container elementor-posts elementor-posts--skin-classic elementor-grid\" role=\"list\">\n\t\t\t\t<article class=\"elementor-post elementor-grid-item post-2780 post type-post status-publish format-standard has-post-thumbnail hentry category-not\" role=\"listitem\">\n\t\t\t\t<a class=\"elementor-post__thumbnail__link\" href=\"https:\/\/www.saufer.com\/es\/2024\/06\/05\/creacion-de-un-refugio-climatico-en-el-instituto-maria-rubies-de-lleida\/\" tabindex=\"-1\" target=&quot;_blank&quot;>\n\t\t\t<div class=\"elementor-post__thumbnail\"><img fetchpriority=\"high\" decoding=\"async\" width=\"300\" height=\"226\" src=\"https:\/\/www.saufer.com\/es\/wp-content\/uploads\/sites\/8\/2024\/06\/blog-2-300x226.jpg\" class=\"attachment-medium size-medium wp-image-2783\" alt=\"\" srcset=\"https:\/\/www.saufer.com\/es\/wp-content\/uploads\/sites\/8\/2024\/06\/blog-2-300x226.jpg 300w, https:\/\/www.saufer.com\/es\/wp-content\/uploads\/sites\/8\/2024\/06\/blog-2-24x18.jpg 24w, https:\/\/www.saufer.com\/es\/wp-content\/uploads\/sites\/8\/2024\/06\/blog-2-36x27.jpg 36w, https:\/\/www.saufer.com\/es\/wp-content\/uploads\/sites\/8\/2024\/06\/blog-2-48x36.jpg 48w, https:\/\/www.saufer.com\/es\/wp-content\/uploads\/sites\/8\/2024\/06\/blog-2.jpg 765w\" sizes=\"(max-width: 300px) 100vw, 300px\" \/><\/div>\n\t\t<\/a>\n\t\t\t\t<div class=\"elementor-post__text\">\n\t\t\t\t<h3 class=\"elementor-post__title\">\n\t\t\t<a href=\"https:\/\/www.saufer.com\/es\/2024\/06\/05\/creacion-de-un-refugio-climatico-en-el-instituto-maria-rubies-de-lleida\/\" target=&quot;_blank&quot;>\n\t\t\t\tCreaci\u00f3n de un refugio clim\u00e1tico en el Instituto Maria R\u00fabies de Lleida\t\t\t<\/a>\n\t\t<\/h3>\n\t\t\t\t<div class=\"elementor-post__excerpt\">\n\t\t\t<p>Uno de los proyectos de Saufer que recientemente ha entrado en funcionamiento es el refugio clim\u00e1tico del Instituto Maria R\u00fabies de Lleida. Este proyecto se<\/p>\n\t\t<\/div>\n\t\t\n\t\t<a class=\"elementor-post__read-more\" href=\"https:\/\/www.saufer.com\/es\/2024\/06\/05\/creacion-de-un-refugio-climatico-en-el-instituto-maria-rubies-de-lleida\/\" aria-label=\"M\u00e1s informaci\u00f3n sobre Creaci\u00f3n de un refugio clim\u00e1tico en el Instituto Maria R\u00fabies de Lleida\" tabindex=\"-1\" target=\"_blank\">\n\t\t\tLeer m\u00e1s\t\t<\/a>\n\n\t\t\t\t<\/div>\n\t\t\t\t<\/article>\n\t\t\t\t<article class=\"elementor-post elementor-grid-item post-2770 post type-post status-publish format-standard has-post-thumbnail hentry category-not\" role=\"listitem\">\n\t\t\t\t<a class=\"elementor-post__thumbnail__link\" href=\"https:\/\/www.saufer.com\/es\/2024\/05\/23\/saufer-apuesta-por-el-talento-joven-para-asegurar-el-futuro-del-sector\/\" tabindex=\"-1\" target=&quot;_blank&quot;>\n\t\t\t<div class=\"elementor-post__thumbnail\"><img decoding=\"async\" width=\"300\" height=\"225\" src=\"https:\/\/www.saufer.com\/es\/wp-content\/uploads\/sites\/8\/2024\/05\/practiques-300x225.jpeg\" class=\"attachment-medium size-medium wp-image-2773\" alt=\"\" srcset=\"https:\/\/www.saufer.com\/es\/wp-content\/uploads\/sites\/8\/2024\/05\/practiques-300x225.jpeg 300w, https:\/\/www.saufer.com\/es\/wp-content\/uploads\/sites\/8\/2024\/05\/practiques-1024x768.jpeg 1024w, https:\/\/www.saufer.com\/es\/wp-content\/uploads\/sites\/8\/2024\/05\/practiques-768x576.jpeg 768w, https:\/\/www.saufer.com\/es\/wp-content\/uploads\/sites\/8\/2024\/05\/practiques-1536x1152.jpeg 1536w, https:\/\/www.saufer.com\/es\/wp-content\/uploads\/sites\/8\/2024\/05\/practiques-24x18.jpeg 24w, https:\/\/www.saufer.com\/es\/wp-content\/uploads\/sites\/8\/2024\/05\/practiques-36x27.jpeg 36w, https:\/\/www.saufer.com\/es\/wp-content\/uploads\/sites\/8\/2024\/05\/practiques-48x36.jpeg 48w, https:\/\/www.saufer.com\/es\/wp-content\/uploads\/sites\/8\/2024\/05\/practiques.jpeg 2048w\" sizes=\"(max-width: 300px) 100vw, 300px\" \/><\/div>\n\t\t<\/a>\n\t\t\t\t<div class=\"elementor-post__text\">\n\t\t\t\t<h3 class=\"elementor-post__title\">\n\t\t\t<a href=\"https:\/\/www.saufer.com\/es\/2024\/05\/23\/saufer-apuesta-por-el-talento-joven-para-asegurar-el-futuro-del-sector\/\" target=&quot;_blank&quot;>\n\t\t\t\tSaufer apuesta por el talento joven para asegurar el futuro del sector\t\t\t<\/a>\n\t\t<\/h3>\n\t\t\t\t<div class=\"elementor-post__excerpt\">\n\t\t\t<p>La carencia de profesionales calificados en los oficios manuales es cada vez m\u00e1s evidente, y las empresas instaladoras no se quedan al margen de esta<\/p>\n\t\t<\/div>\n\t\t\n\t\t<a class=\"elementor-post__read-more\" href=\"https:\/\/www.saufer.com\/es\/2024\/05\/23\/saufer-apuesta-por-el-talento-joven-para-asegurar-el-futuro-del-sector\/\" aria-label=\"M\u00e1s informaci\u00f3n sobre Saufer apuesta por el talento joven para asegurar el futuro del sector\" tabindex=\"-1\" target=\"_blank\">\n\t\t\tLeer m\u00e1s\t\t<\/a>\n\n\t\t\t\t<\/div>\n\t\t\t\t<\/article>\n\t\t\t\t<article class=\"elementor-post elementor-grid-item post-2765 post type-post status-publish format-standard has-post-thumbnail hentry category-not\" role=\"listitem\">\n\t\t\t\t<a class=\"elementor-post__thumbnail__link\" href=\"https:\/\/www.saufer.com\/es\/2024\/05\/23\/saufer-se-une-a-la-revolucion-de-la-automatizacion-con-loxone\/\" tabindex=\"-1\" target=&quot;_blank&quot;>\n\t\t\t<div class=\"elementor-post__thumbnail\"><img decoding=\"async\" width=\"300\" height=\"225\" src=\"https:\/\/www.saufer.com\/es\/wp-content\/uploads\/sites\/8\/2024\/05\/blog-ok-300x225.jpeg\" class=\"attachment-medium size-medium wp-image-2769\" alt=\"\" srcset=\"https:\/\/www.saufer.com\/es\/wp-content\/uploads\/sites\/8\/2024\/05\/blog-ok-300x225.jpeg 300w, https:\/\/www.saufer.com\/es\/wp-content\/uploads\/sites\/8\/2024\/05\/blog-ok-1024x768.jpeg 1024w, https:\/\/www.saufer.com\/es\/wp-content\/uploads\/sites\/8\/2024\/05\/blog-ok-768x576.jpeg 768w, https:\/\/www.saufer.com\/es\/wp-content\/uploads\/sites\/8\/2024\/05\/blog-ok-1536x1152.jpeg 1536w, https:\/\/www.saufer.com\/es\/wp-content\/uploads\/sites\/8\/2024\/05\/blog-ok-24x18.jpeg 24w, https:\/\/www.saufer.com\/es\/wp-content\/uploads\/sites\/8\/2024\/05\/blog-ok-36x27.jpeg 36w, https:\/\/www.saufer.com\/es\/wp-content\/uploads\/sites\/8\/2024\/05\/blog-ok-48x36.jpeg 48w, https:\/\/www.saufer.com\/es\/wp-content\/uploads\/sites\/8\/2024\/05\/blog-ok.jpeg 2048w\" sizes=\"(max-width: 300px) 100vw, 300px\" \/><\/div>\n\t\t<\/a>\n\t\t\t\t<div class=\"elementor-post__text\">\n\t\t\t\t<h3 class=\"elementor-post__title\">\n\t\t\t<a href=\"https:\/\/www.saufer.com\/es\/2024\/05\/23\/saufer-se-une-a-la-revolucion-de-la-automatizacion-con-loxone\/\" target=&quot;_blank&quot;>\n\t\t\t\tSaufer se une a la revoluci\u00f3n de la automatizaci\u00f3n con Loxone\t\t\t<\/a>\n\t\t<\/h3>\n\t\t\t\t<div class=\"elementor-post__excerpt\">\n\t\t\t<p>Saufer se ha convertido recientemente en partner oficial de Loxone, una tecnolog\u00eda de automatizaci\u00f3n de funciones relacionadas con el acceso de personal, la iluminaci\u00f3n, la<\/p>\n\t\t<\/div>\n\t\t\n\t\t<a class=\"elementor-post__read-more\" href=\"https:\/\/www.saufer.com\/es\/2024\/05\/23\/saufer-se-une-a-la-revolucion-de-la-automatizacion-con-loxone\/\" aria-label=\"M\u00e1s informaci\u00f3n sobre Saufer se une a la revoluci\u00f3n de la automatizaci\u00f3n con Loxone\" tabindex=\"-1\" target=\"_blank\">\n\t\t\tLeer m\u00e1s\t\t<\/a>\n\n\t\t\t\t<\/div>\n\t\t\t\t<\/article>\n\t\t\t\t<\/div>\n\t\t\n\t\t\t\t<div class=\"e-load-more-anchor\" data-page=\"1\" data-max-page=\"7\" data-next-page=\"https:\/\/www.saufer.com\/es\/wp-json\/wp\/v2\/pages\/217\/page\/2\/\"><\/div>\n\t\t\t\t<nav class=\"elementor-pagination\" aria-label=\"Paginaci\u00f3n\">\n\t\t\t<span aria-current=\"page\" class=\"page-numbers current\"><span class=\"elementor-screen-only\">P\u00e1gina<\/span>1<\/span>\n<a class=\"page-numbers\" href=\"https:\/\/www.saufer.com\/es\/wp-json\/wp\/v2\/pages\/217\/page\/2\/\"><span class=\"elementor-screen-only\">P\u00e1gina<\/span>2<\/a>\n<a class=\"page-numbers\" href=\"https:\/\/www.saufer.com\/es\/wp-json\/wp\/v2\/pages\/217\/page\/3\/\"><span class=\"elementor-screen-only\">P\u00e1gina<\/span>3<\/a>\n<a class=\"page-numbers\" href=\"https:\/\/www.saufer.com\/es\/wp-json\/wp\/v2\/pages\/217\/page\/4\/\"><span class=\"elementor-screen-only\">P\u00e1gina<\/span>4<\/a>\n<a class=\"page-numbers\" href=\"https:\/\/www.saufer.com\/es\/wp-json\/wp\/v2\/pages\/217\/page\/5\/\"><span class=\"elementor-screen-only\">P\u00e1gina<\/span>5<\/a>\t\t<\/nav>\n\t\t\t\t\t\t<\/div>\n\t\t\t\t<\/div>\n\t\t\t\t\t<\/div>\n\t\t<\/div>\n\t\t\t\t\t<\/div>\n\t\t<\/section>\n\t\t\t\t<section class=\"elementor-section elementor-top-section elementor-element elementor-element-97ab8b4 elementor-section-boxed elementor-section-height-default elementor-section-height-default\" data-id=\"97ab8b4\" data-element_type=\"section\" data-e-type=\"section\" data-settings=\"{&quot;background_background&quot;:&quot;classic&quot;}\">\n\t\t\t\t\t\t<div class=\"elementor-container elementor-column-gap-default\">\n\t\t\t\t\t<div class=\"elementor-column elementor-col-100 elementor-top-column elementor-element elementor-element-f1ca153\" data-id=\"f1ca153\" data-element_type=\"column\" data-e-type=\"column\">\n\t\t\t<div class=\"elementor-widget-wrap elementor-element-populated\">\n\t\t\t\t\t\t<div class=\"elementor-element elementor-element-c2356b4 elementor-widget elementor-widget-heading\" data-id=\"c2356b4\" data-element_type=\"widget\" data-e-type=\"widget\" data-widget_type=\"heading.default\">\n\t\t\t\t<div class=\"elementor-widget-container\">\n\t\t\t\t\t<h2 class=\"elementor-heading-title elementor-size-default\">Suscr\u00edbete a nuestra newsletter<\/h2>\t\t\t\t<\/div>\n\t\t\t\t<\/div>\n\t\t\t\t<div class=\"elementor-element elementor-element-41115ce elementor-widget elementor-widget-heading\" data-id=\"41115ce\" data-element_type=\"widget\" data-e-type=\"widget\" data-widget_type=\"heading.default\">\n\t\t\t\t<div class=\"elementor-widget-container\">\n\t\t\t\t\t<span class=\"elementor-heading-title elementor-size-default\">Si quieres estar al d\u00eda de las noticias del sector, suscr\u00edbete a nuestra newsletter<\/span>\t\t\t\t<\/div>\n\t\t\t\t<\/div>\n\t\t\t\t<div class=\"elementor-element elementor-element-0b796b1 elementor-button-align-end elementor-widget elementor-widget-form\" data-id=\"0b796b1\" data-element_type=\"widget\" data-e-type=\"widget\" data-settings=\"{&quot;step_next_label&quot;:&quot;Next&quot;,&quot;step_previous_label&quot;:&quot;Previous&quot;,&quot;button_width&quot;:&quot;100&quot;,&quot;step_type&quot;:&quot;number_text&quot;,&quot;step_icon_shape&quot;:&quot;circle&quot;}\" data-widget_type=\"form.default\">\n\t\t\t\t<div class=\"elementor-widget-container\">\n\t\t\t\t\t\t\t<form class=\"elementor-form\" method=\"post\" id=\"infinitylanding2\" name=\"New Form\" aria-label=\"New Form\">\n\t\t\t<input type=\"hidden\" name=\"post_id\" value=\"217\"\/>\n\t\t\t<input type=\"hidden\" name=\"form_id\" value=\"0b796b1\"\/>\n\t\t\t<input type=\"hidden\" name=\"referer_title\" value=\"BLOG\" \/>\n\n\t\t\t\t\t\t\t<input type=\"hidden\" name=\"queried_id\" value=\"217\"\/>\n\t\t\t\n\t\t\t<div class=\"elementor-form-fields-wrapper elementor-labels-\">\n\t\t\t\t\t\t\t\t<div class=\"elementor-field-type-hidden elementor-field-group elementor-column elementor-field-group-campanya2 elementor-col-100\">\n\t\t\t\t\t\t\t\t\t\t\t\t\t<input size=\"1\" type=\"hidden\" name=\"form_fields[campanya2]\" id=\"form-field-campanya2\" class=\"elementor-field elementor-size-md  elementor-field-textual\" value=\"NEWSLETTER_SAUFER\">\n\t\t\t\t\t\t\t\t\t\t\t<\/div>\n\t\t\t\t\t\t\t\t<div class=\"elementor-field-type-text elementor-field-group elementor-column elementor-field-group-nombre_completo2 elementor-col-50 elementor-field-required\">\n\t\t\t\t\t\t\t\t\t\t\t\t<label for=\"form-field-nombre_completo2\" class=\"elementor-field-label elementor-screen-only\">\n\t\t\t\t\t\t\t\tNom complet\t\t\t\t\t\t\t<\/label>\n\t\t\t\t\t\t\t\t\t\t\t\t\t\t<input size=\"1\" type=\"text\" name=\"form_fields[nombre_completo2]\" id=\"form-field-nombre_completo2\" class=\"elementor-field elementor-size-md  elementor-field-textual\" placeholder=\"Nombre completo\" required=\"required\">\n\t\t\t\t\t\t\t\t\t\t\t<\/div>\n\t\t\t\t\t\t\t\t<div class=\"elementor-field-type-email elementor-field-group elementor-column elementor-field-group-email2 elementor-col-50 elementor-field-required\">\n\t\t\t\t\t\t\t\t\t\t\t\t<label for=\"form-field-email2\" class=\"elementor-field-label elementor-screen-only\">\n\t\t\t\t\t\t\t\tEmail\t\t\t\t\t\t\t<\/label>\n\t\t\t\t\t\t\t\t\t\t\t\t\t\t<input size=\"1\" type=\"email\" name=\"form_fields[email2]\" id=\"form-field-email2\" class=\"elementor-field elementor-size-md  elementor-field-textual\" placeholder=\"Correo electr\u00f3nico\" required=\"required\">\n\t\t\t\t\t\t\t\t\t\t\t<\/div>\n\t\t\t\t\t\t\t\t<div class=\"elementor-field-type-text\">\n\t\t\t\t\t<input size=\"1\" type=\"text\" name=\"form_fields[field_79cc64c]\" id=\"form-field-field_79cc64c\" class=\"elementor-field elementor-size-md \" style=\"display:none !important;\">\t\t\t\t<\/div>\n\t\t\t\t\t\t\t\t<div class=\"elementor-field-group elementor-column elementor-field-type-submit elementor-col-100 e-form__buttons\">\n\t\t\t\t\t<button class=\"elementor-button elementor-size-md\" type=\"submit\">\n\t\t\t\t\t\t<span class=\"elementor-button-content-wrapper\">\n\t\t\t\t\t\t\t\t\t\t\t\t\t\t\t\t\t\t\t\t\t\t<span class=\"elementor-button-text\">Enviar<\/span>\n\t\t\t\t\t\t\t\t\t\t\t\t\t<\/span>\n\t\t\t\t\t<\/button>\n\t\t\t\t<\/div>\n\t\t\t<\/div>\n\t\t<\/form>\n\t\t\t\t\t\t<\/div>\n\t\t\t\t<\/div>\n\t\t\t\t\t<\/div>\n\t\t<\/div>\n\t\t\t\t\t<\/div>\n\t\t<\/section>\n\t\t\t\t<\/div>\n\t\t","protected":false},"excerpt":{"rendered":"<p>Blog Permanece al d\u00eda de las novedades de Saufer, tu empresa de Instalaciones y Mantenimientos de confianza. Suscr\u00edbete a nuestra newsletter Si quieres estar al d\u00eda de las noticias del sector, suscr\u00edbete a nuestra newsletter<\/p>\n","protected":false},"author":1,"featured_media":0,"parent":0,"menu_order":0,"comment_status":"closed","ping_status":"closed","template":"elementor_header_footer","meta":{"footnotes":""},"class_list":["post-217","page","type-page","status-publish","hentry"],"_links":{"self":[{"href":"https:\/\/www.saufer.com\/es\/wp-json\/wp\/v2\/pages\/217","targetHints":{"allow":["GET"]}}],"collection":[{"href":"https:\/\/www.saufer.com\/es\/wp-json\/wp\/v2\/pages"}],"about":[{"href":"https:\/\/www.saufer.com\/es\/wp-json\/wp\/v2\/types\/page"}],"author":[{"embeddable":true,"href":"https:\/\/www.saufer.com\/es\/wp-json\/wp\/v2\/users\/1"}],"replies":[{"embeddable":true,"href":"https:\/\/www.saufer.com\/es\/wp-json\/wp\/v2\/comments?post=217"}],"version-history":[{"count":49,"href":"https:\/\/www.saufer.com\/es\/wp-json\/wp\/v2\/pages\/217\/revisions"}],"predecessor-version":[{"id":2597,"href":"https:\/\/www.saufer.com\/es\/wp-json\/wp\/v2\/pages\/217\/revisions\/2597"}],"wp:attachment":[{"href":"https:\/\/www.saufer.com\/es\/wp-json\/wp\/v2\/media?parent=217"}],"curies":[{"name":"wp","href":"https:\/\/api.w.org\/{rel}","templated":true}]}}